{"id":285,"date":"2018-02-09T10:40:06","date_gmt":"2018-02-09T10:40:06","guid":{"rendered":"https:\/\/demo.themegrill.com\/colormag\/?page_id=285"},"modified":"2025-10-15T12:54:11","modified_gmt":"2025-10-15T12:54:11","slug":"contactez-nous","status":"publish","type":"page","link":"https:\/\/ivoirelite.net\/probook\/contactez-nous\/","title":{"rendered":"Contactez-nous"},"content":{"rendered":"\n<p>Vous souhaitez <strong>inscrire votre entreprise\/activit\u00e9 au ProBook<\/strong> pour attirer de nouveaux clients ? (<strong>C&rsquo;est gratuit !<\/strong>)<\/p>\n\n\n\n<p>Les avantages :<\/p>\n\n\n\n<ul class=\"wp-block-list\">\n<li><strong>Inscription gratuite et \u00e0 vie <\/strong>de votre entreprise\/activit\u00e9.<\/li>\n\n\n\n<li>Exposition privil\u00e9gi\u00e9e aux <strong>plus de 2.000.000 de visiteurs mensuels<\/strong> de la <a href=\"https:\/\/ivoirelite.net\/\" target=\"_blank\" rel=\"noreferrer noopener\">boutique IvoirElite<\/a>.<\/li>\n\n\n\n<li>Fiche entreprise optimis\u00e9e pour une <strong>visibilit\u00e9 maximale sur Google<\/strong> et les autres moteurs de recherche.<\/li>\n\n\n\n<li><strong>Pr\u00e9sentation attractive de votre entreprise\/activit\u00e9<\/strong> pour capter l\u2019attention des clients potentiels.<\/li>\n<\/ul>\n\n\n\n<p>Renseignez le formulaire ci-dessous, ou utilisez nos informations de contact pour <strong>faire votre demande<\/strong>.<br>Nous serons ravis de r\u00e9pondre \u00e0 votre requ\u00eate !<\/p>\n\n\n<div class=\"everest-forms\"><div class=\"evf-container default\" id=\"evf-287\"><form id=\"evf-form-287\" class=\"everest-form\" data-formid=\"287\" data-ajax_submission=\"0\" data-keyboard_friendly_form=\"0\" method=\"post\" enctype=\"multipart\/form-data\" action=\"\/probook\/wp-json\/wp\/v2\/pages\/285\"><div class=\"evf-field-container\"><input type=\"hidden\" id=\"_wpnonce287\" name=\"_wpnonce287\" value=\"571957aae0\" \/><input type=\"hidden\" name=\"_wp_http_referer\" value=\"\/probook\/wp-json\/wp\/v2\/pages\/285\" \/><div class=\"evf-frontend-row\" data-row=\"row_1\" conditional_rules=\"[]\"><div class=\"evf-frontend-grid evf-grid-1\" data-grid=\"grid_1\"><div id=\"evf-287-field_lVizlNhYus-1-container\" class=\"evf-field evf-field-text form-row validate-required\" data-required-field-message=\"This field is required.\" data-field-id=\"lVizlNhYus-1\"><label class=\"evf-field-label\" for=\"evf-287-field_lVizlNhYus-1\"><span class=\"evf-label\">Name<\/span> <abbr class=\"required\" title=\"N\u00e9cessaire\">*<\/abbr><\/label><input type=\"text\" id=\"evf-287-field_lVizlNhYus-1\" class=\"input-text\" name=\"everest_forms[form_fields][lVizlNhYus-1]\" required><\/div><div id=\"evf-287-field_XYnMdkQDKM-3-container\" class=\"evf-field evf-field-email form-row validate-required validate-email\" data-required-field-message=\"Please enter a valid email address.\" data-field-id=\"XYnMdkQDKM-3\"><label class=\"evf-field-label\" for=\"evf-287-field_XYnMdkQDKM-3\"><span class=\"evf-label\">Email<\/span> <abbr class=\"required\" title=\"N\u00e9cessaire\">*<\/abbr><\/label><input type=\"email\" id=\"evf-287-field_XYnMdkQDKM-3\" class=\"input-text\" name=\"everest_forms[form_fields][XYnMdkQDKM-3]\" required ><\/div><div id=\"evf-287-field_xJivsqAS2c-2-container\" class=\"evf-field evf-field-text form-row validate-required\" data-required-field-message=\"This field is required.\" data-field-id=\"xJivsqAS2c-2\"><label class=\"evf-field-label\" for=\"evf-287-field_xJivsqAS2c-2\"><span class=\"evf-label\">Subject<\/span> <abbr class=\"required\" title=\"N\u00e9cessaire\">*<\/abbr><\/label><input type=\"text\" id=\"evf-287-field_xJivsqAS2c-2\" class=\"input-text\" name=\"everest_forms[form_fields][xJivsqAS2c-2]\" required><\/div><div id=\"evf-287-field_YalaPcQ0DO-4-container\" class=\"evf-field evf-field-textarea form-row\" data-field-id=\"YalaPcQ0DO-4\"><label class=\"evf-field-label\" for=\"evf-287-field_YalaPcQ0DO-4\"><span class=\"evf-label\">Message<\/span> <\/label><textarea id=\"evf-287-field_YalaPcQ0DO-4\" class=\"input-text\" name=\"everest_forms[form_fields][YalaPcQ0DO-4]\"  ><\/textarea><\/div><\/div><\/div><\/div><div class=\"evf-honeypot-container evf-field-hp\"><label for=\"evf-287-field-hp\" class=\"evf-field-label\">Phone<\/label><input type=\"text\" name=\"everest_forms[hp]\" id=\"evf-287-field-hp\" class=\"input-text\"><\/div><div class=\"evf-submit-container \" ><input type=\"hidden\" name=\"everest_forms[id]\" value=\"287\"><input type=\"hidden\" name=\"everest_forms[author]\" value=\"1\"><button type='submit' name='everest_forms[submit]' class='everest-forms-submit-button button evf-submit ' id='evf-submit-287' value='evf-submit' data-process-text=\"Processing\u2026\" conditional_rules='&quot;&quot;' conditional_id='evf-submit-287'  id=\"evf-submit-287\" aria-live=\"assertive\">Submit<\/button><\/div><\/form><\/div><!-- .evf-container --><\/div>\n\n\n<div style=\"height:42px\" aria-hidden=\"true\" class=\"wp-block-spacer\"><\/div>\n\n\n\n<div class=\"wp-block-media-text is-stacked-on-mobile has-large-font-size\" style=\"grid-template-columns:42% auto\"><figure class=\"wp-block-media-text__media\"><img loading=\"lazy\" decoding=\"async\" width=\"1920\" height=\"1440\" src=\"https:\/\/ivoirelite.net\/probook\/wp-content\/uploads\/2015\/03\/sea-418742_1920.jpg\" alt=\"\" class=\"wp-image-50 size-full\" srcset=\"https:\/\/ivoirelite.net\/probook\/wp-content\/uploads\/2015\/03\/sea-418742_1920.jpg 1920w, https:\/\/ivoirelite.net\/probook\/wp-content\/uploads\/2015\/03\/sea-418742_1920-300x225.jpg 300w, https:\/\/ivoirelite.net\/probook\/wp-content\/uploads\/2015\/03\/sea-418742_1920-1024x768.jpg 1024w, https:\/\/ivoirelite.net\/probook\/wp-content\/uploads\/2015\/03\/sea-418742_1920-768x576.jpg 768w, https:\/\/ivoirelite.net\/probook\/wp-content\/uploads\/2015\/03\/sea-418742_1920-1536x1152.jpg 1536w\" sizes=\"auto, (max-width: 1920px) 100vw, 1920px\" \/><\/figure><div class=\"wp-block-media-text__content\">\n<p class=\"has-medium-font-size\"><strong><a href=\"https:\/\/ivoirelite.net\/\" data-type=\"link\" data-id=\"https:\/\/ivoirelite.net\/\" target=\"_blank\" rel=\"noreferrer noopener\">IvoirElite<\/a><\/strong><br>Abidjan, C\u00f4te d&rsquo;Ivoire<br>Contact :\u00a0<strong>(225) 07 59 48 68 04 (Par WhatsApp)<\/strong><br>Email :\u00a0<strong><a href=\"mailto:%69%6e%66%6f@%69%76%6f%69%72%65%6c%69%74%65.%6e%65%74\">info@ivoirelite.net<\/a><\/strong><\/p>\n<\/div><\/div>\n","protected":false},"excerpt":{"rendered":"<p>Vous souhaitez inscrire votre entreprise\/activit\u00e9 au ProBook pour attirer de nouveaux clients ? (C&rsquo;est gratuit !) Les avantages : Renseignez<\/p>\n","protected":false},"author":1,"featured_media":0,"parent":0,"menu_order":0,"comment_status":"closed","ping_status":"closed","template":"page-templates\/contact.php","meta":{"colormag_page_layout":"default_layout","footnotes":""},"class_list":["post-285","page","type-page","status-publish","hentry"],"magazineBlocksPostFeaturedMedia":{"thumbnail":false,"medium":false,"medium_large":false,"large":false,"1536x1536":false,"2048x2048":false,"colormag-highlighted-post":false,"colormag-featured-post-medium":false,"colormag-featured-post-small":false,"colormag-featured-image":false,"colormag-default-news":false,"colormag-featured-image-large":false},"magazineBlocksPostAuthor":{"name":"Probook","avatar":"https:\/\/secure.gravatar.com\/avatar\/b83485be049c02d5fc3c6b68aa6319d0724ac40eb370528c73867621dfc45100?s=96&d=mm&r=g"},"magazineBlocksPostCommentsNumber":false,"magazineBlocksPostExcerpt":"Vous souhaitez inscrire votre entreprise\/activit\u00e9 au ProBook pour attirer de nouveaux clients ? (C&rsquo;est gratuit !) Les avantages : Renseignez","magazineBlocksPostCategories":[],"magazineBlocksPostViewCount":0,"magazineBlocksPostReadTime":1,"_links":{"self":[{"href":"https:\/\/ivoirelite.net\/probook\/wp-json\/wp\/v2\/pages\/285","targetHints":{"allow":["GET"]}}],"collection":[{"href":"https:\/\/ivoirelite.net\/probook\/wp-json\/wp\/v2\/pages"}],"about":[{"href":"https:\/\/ivoirelite.net\/probook\/wp-json\/wp\/v2\/types\/page"}],"author":[{"embeddable":true,"href":"https:\/\/ivoirelite.net\/probook\/wp-json\/wp\/v2\/users\/1"}],"replies":[{"embeddable":true,"href":"https:\/\/ivoirelite.net\/probook\/wp-json\/wp\/v2\/comments?post=285"}],"version-history":[{"count":10,"href":"https:\/\/ivoirelite.net\/probook\/wp-json\/wp\/v2\/pages\/285\/revisions"}],"predecessor-version":[{"id":934,"href":"https:\/\/ivoirelite.net\/probook\/wp-json\/wp\/v2\/pages\/285\/revisions\/934"}],"wp:attachment":[{"href":"https:\/\/ivoirelite.net\/probook\/wp-json\/wp\/v2\/media?parent=285"}],"curies":[{"name":"wp","href":"https:\/\/api.w.org\/{rel}","templated":true}]}}